{"id":25,"date":"2015-12-30T15:41:20","date_gmt":"2015-12-30T15:41:20","guid":{"rendered":"http:\/\/themenectar.com\/demo\/salient-corporate\/?page_id=25"},"modified":"2018-05-30T09:55:20","modified_gmt":"2018-05-30T09:55:20","slug":"contactez-nous","status":"publish","type":"page","link":"https:\/\/sensprotect.com\/fr\/contactez-nous\/","title":{"rendered":"Contactez-nous!"},"content":{"rendered":"[vc_row type=&#8221;in_container&#8221; full_screen_row_position=&#8221;middle&#8221; scene_position=&#8221;center&#8221; text_color=&#8221;dark&#8221; text_align=&#8221;left&#8221; overlay_strength=&#8221;0.3&#8243;][vc_column column_padding=&#8221;no-extra-padding&#8221; column_padding_position=&#8221;all&#8221; background_color_opacity=&#8221;1&#8243; background_hover_color_opacity=&#8221;1&#8243; width=&#8221;1\/1&#8243; tablet_text_alignment=&#8221;default&#8221; phone_text_alignment=&#8221;default&#8221;][divider line_type=&#8221;No Line&#8221; custom_height=&#8221;100&#8243;][\/vc_column][\/vc_row][vc_row type=&#8221;in_container&#8221; full_screen_row_position=&#8221;middle&#8221; scene_position=&#8221;center&#8221; text_color=&#8221;dark&#8221; text_align=&#8221;left&#8221; overlay_strength=&#8221;0.3&#8243;][vc_column column_padding=&#8221;no-extra-padding&#8221; column_padding_position=&#8221;all&#8221; background_color_opacity=&#8221;1&#8243; background_hover_color_opacity=&#8221;1&#8243; width=&#8221;1\/2&#8243; tablet_text_alignment=&#8221;default&#8221; phone_text_alignment=&#8221;default&#8221;][split_line_heading]\n<h4>Contact<\/h4>\n[\/split_line_heading][vc_column_text css=&#8221;.vc_custom_1527674031093{margin-bottom: 20px !important;}&#8221;]Nous nous r\u00e9jouissons de votre int\u00e9r\u00eat ! Nous sommes \u00e0 votre disposition pour r\u00e9pondre \u00e0 vos questions ou vous conseiller sur votre projet et les possibilit\u00e9s que SensFloor vous offre.<\/p>\n<p><strong>\u00c9crivez-nous un courriel \u00e0 l&#8217;adresse suivante <a href=\"mailto:marketing@future-shape.com\">marketing@future-shape.com<\/a>.<\/strong>[\/vc_column_text][vc_column_text]<span style=\"text-decoration: underline;\"><b>Future-Shape GmbH<\/b><\/span><br \/>\nAltlaufstra\u00dfe 34<br \/>\n85635 H\u00f6henkirchen-Siegertsbrunn<\/p>\n<p><span style=\"text-decoration: underline;\">Tel.:<\/span> +49 (0)8102 896 38-0<br \/>\n<span style=\"text-decoration: underline;\">Fax:<\/span> +49 (0)8102 896 38-99<br \/>\n<span style=\"text-decoration: underline;\">Email:<\/span> marketing@future-shape.com[\/vc_column_text][\/vc_column][vc_column column_padding=&#8221;padding-2-percent&#8221; column_padding_position=&#8221;all&#8221; background_color_opacity=&#8221;1&#8243; background_hover_color_opacity=&#8221;1&#8243; width=&#8221;1\/2&#8243; tablet_text_alignment=&#8221;default&#8221; phone_text_alignment=&#8221;default&#8221;][divider line_type=&#8221;No Line&#8221;][nectar_gmap zoom=&#8221;10&#8243; enable_zoom=&#8221;1&#8243; marker_animation=&#8221;1&#8243; map_center_lat=&#8221;48.0229553&#8243; map_center_lng=&#8221;11.7161572&#8243; map_markers=&#8221;48.0229553|11.7161572| Future Shape GmbH&#8221;][vc_row_inner top_padding=&#8221;10%&#8221; text_align=&#8221;left&#8221;][vc_column_inner column_padding=&#8221;no-extra-padding&#8221; column_padding_position=&#8221;all&#8221; background_color_opacity=&#8221;1&#8243; width=&#8221;1\/1&#8243;][vc_column_text]\n<h3><\/h3>\n<h3><span style=\"text-decoration: underline;\">Itin\u00e9raire<\/span><\/h3>\n<p><b>En voiture <\/b>prenez la sortie H\u00f6henkirchen\/Ottobrunn depuis l&#8217;autoroute A99. Tournez \u00e0 gauche en direction de H\u00f6henkirchen. Vous vous trouvez maintenant \u00e0 2km de l&#8217;entr\u00e9e de la ville. Notre garage souterrain est ouvert \u00e0 tous et assez grand pour accueillir tous nos visiteurs.<\/p>\n<p><b>En avion <\/b>depuis l&#8217;a\u00e9roport de Munich, prenez la ligne 8 du S-Bahn jusqu&#8217;\u00e0 Ostbahnhof et poursuivez avec la ligne S7 en direction de H\u00f6henkirchen-Siegertsbrunn, Aying ou Kreuzstra\u00dfe.<\/p>\n<p><b>En train<\/b> depuis la gare centrale de M\u00fcnchen Hauptbahnhof ou la gare de l&#8217;est M\u00fcnchen-Ost, prenez la ligne S7 du S-Bahn direction de H\u00f6henkirchen-Siegertsbrunn, Aying, Kreuzstra\u00dfe. Le S-Bahn passe toutes les 20 minutes. La gare se situe environ 8 minutes \u00e0 pieds de nos bureaux (700m).[\/vc_column_text][\/vc_column_inner][\/vc_row_inner][\/vc_column][\/vc_row]\n","protected":false},"excerpt":{"rendered":"<p>[vc_row type=&#8221;in_container&#8221; full_screen_row_position=&#8221;middle&#8221; scene_position=&#8221;center&#8221; text_color=&#8221;dark&#8221; text_align=&#8221;left&#8221; overlay_strength=&#8221;0.3&#8243;][vc_column column_padding=&#8221;no-extra-padding&#8221; column_padding_position=&#8221;all&#8221; background_color_opacity=&#8221;1&#8243; background_hover_color_opacity=&#8221;1&#8243; width=&#8221;1\/1&#8243; tablet_text_alignment=&#8221;default&#8221; phone_text_alignment=&#8221;default&#8221;][divider line_type=&#8221;No Line&#8221; custom_height=&#8221;100&#8243;][\/vc_column][\/vc_row][vc_row type=&#8221;in_container&#8221; full_screen_row_position=&#8221;middle&#8221; scene_position=&#8221;center&#8221; text_color=&#8221;dark&#8221; text_align=&#8221;left&#8221; overlay_strength=&#8221;0.3&#8243;][vc_column column_padding=&#8221;no-extra-padding&#8221; column_padding_position=&#8221;all&#8221; background_color_opacity=&#8221;1&#8243; background_hover_color_opacity=&#8221;1&#8243; width=&#8221;1\/2&#8243; tablet_text_alignment=&#8221;default&#8221; phone_text_alignment=&#8221;default&#8221;][split_line_heading]&#8230;<\/p>\n","protected":false},"author":1,"featured_media":0,"parent":0,"menu_order":0,"comment_status":"closed","ping_status":"closed","template":"","meta":{"_monsterinsights_skip_tracking":false,"_monsterinsights_sitenote_active":false,"_monsterinsights_sitenote_note":"","_monsterinsights_sitenote_category":0},"_links":{"self":[{"href":"https:\/\/sensprotect.com\/fr\/wp-json\/wp\/v2\/pages\/25"}],"collection":[{"href":"https:\/\/sensprotect.com\/fr\/wp-json\/wp\/v2\/pages"}],"about":[{"href":"https:\/\/sensprotect.com\/fr\/wp-json\/wp\/v2\/types\/page"}],"author":[{"embeddable":true,"href":"https:\/\/sensprotect.com\/fr\/wp-json\/wp\/v2\/users\/1"}],"replies":[{"embeddable":true,"href":"https:\/\/sensprotect.com\/fr\/wp-json\/wp\/v2\/comments?post=25"}],"version-history":[{"count":10,"href":"https:\/\/sensprotect.com\/fr\/wp-json\/wp\/v2\/pages\/25\/revisions"}],"predecessor-version":[{"id":8103,"href":"https:\/\/sensprotect.com\/fr\/wp-json\/wp\/v2\/pages\/25\/revisions\/8103"}],"wp:attachment":[{"href":"https:\/\/sensprotect.com\/fr\/wp-json\/wp\/v2\/media?parent=25"}],"curies":[{"name":"wp","href":"https:\/\/api.w.org\/{rel}","templated":true}]}}