{"id":6221,"date":"2017-05-09T14:02:14","date_gmt":"2017-05-09T14:02:14","guid":{"rendered":"https:\/\/sensprotect.com\/?page_id=6221"},"modified":"2017-11-16T12:57:03","modified_gmt":"2017-11-16T12:57:03","slug":"systeme","status":"publish","type":"page","link":"https:\/\/sensprotect.com\/fr\/systeme\/","title":{"rendered":"Syst\u00e8me"},"content":{"rendered":"[vc_row type=&#8221;in_container&#8221; full_screen_row_position=&#8221;middle&#8221; scene_position=&#8221;center&#8221; text_color=&#8221;dark&#8221; text_align=&#8221;left&#8221; top_padding=&#8221;100&#8243; overlay_strength=&#8221;0.3&#8243;][vc_column column_padding=&#8221;no-extra-padding&#8221; column_padding_position=&#8221;all&#8221; background_color_opacity=&#8221;1&#8243; background_hover_color_opacity=&#8221;1&#8243; width=&#8221;1\/1&#8243; tablet_text_alignment=&#8221;default&#8221; phone_text_alignment=&#8221;default&#8221;][vc_column_text]\n<h4>SensFloor<sup>\u00ae<\/sup><\/h4>\n<p>est une sous-couche sensitive qui peut \u00eatre install\u00e9e sous quasiment tout type de rev\u00eatements de sol de mani\u00e8re invisible et discr\u00e8te. Lorsqu&#8217;une personne se d\u00e9place sur ce sol, une s\u00e9rie de signaux est g\u00e9n\u00e9r\u00e9e puis transmise \u00e0 un r\u00e9cepteur. Celui-ci est capable de calculer le nombre de personnes pr\u00e9sentes, leur trajectoire et leur vitesse ainsi que d\u00e9tecter des chutes. De nombreuses interfaces standard sont disponibles pour les infrastructures d&#8217;analyse de donn\u00e9es propres aux clients. Ce syst\u00e8me offre une large gamme d&#8217;applications dans le domaine du soin, assistance \u00e0 la vie autonome, domotique, s\u00e9curit\u00e9 et multim\u00e9dia.[\/vc_column_text][\/vc_column][\/vc_row][vc_row type=&#8221;full_width_content&#8221; full_screen_row_position=&#8221;middle&#8221; scene_position=&#8221;center&#8221; text_color=&#8221;dark&#8221; text_align=&#8221;left&#8221; overlay_strength=&#8221;0.3&#8243;][vc_column column_padding=&#8221;padding-10-percent&#8221; column_padding_position=&#8221;all&#8221; background_color_opacity=&#8221;1&#8243; background_hover_color_opacity=&#8221;1&#8243; width=&#8221;1\/2&#8243; tablet_text_alignment=&#8221;default&#8221; phone_text_alignment=&#8221;default&#8221;][split_line_heading]\n<h5>SensFloor<sup>\u00ae<\/sup> Underlay<\/h5>\n<h3><b>Le sol devient un \u00e9cran sensitif<\/b><\/h3>\n[\/split_line_heading][vc_row_inner text_align=&#8221;left&#8221;][vc_column_inner enable_animation=&#8221;true&#8221; animation=&#8221;fade-in-from-bottom&#8221; column_padding=&#8221;no-extra-padding&#8221; column_padding_position=&#8221;all&#8221; background_color_opacity=&#8221;1&#8243; width=&#8221;1\/1&#8243;][vc_column_text]\n<h5><\/h5>\n<ul>\n<li>Les capteurs capacitifs d\u00e9tectent les personnes et les mat\u00e9riaux conducteurs<\/li>\n<li>Capteurs de proximit\u00e9 &#8211; Aucune pression m\u00e9canique n\u00e9cessaire, permettant une stabilit\u00e9 \u00e0 long terme<\/li>\n<li>D\u00e9tection de pr\u00e9sence de personnes m\u00eame sans mouvement<\/li>\n<li>Peut \u00eatre install\u00e9 sous tout rev\u00eatement de sol, m\u00eame parquet et carrelage<\/li>\n<\/ul>\n[\/vc_column_text][\/vc_column_inner][vc_column_inner column_padding=&#8221;no-extra-padding&#8221; column_padding_position=&#8221;all&#8221; background_color_opacity=&#8221;1&#8243; width=&#8221;1\/1&#8243; offset=&#8221;vc_hidden-lg&#8221;][image_with_animation image_url=&#8221;7492&#8243; alignment=&#8221;&#8221; animation=&#8221;Fade In&#8221; box_shadow=&#8221;none&#8221; max_width=&#8221;100%&#8221;][\/vc_column_inner][\/vc_row_inner][\/vc_column][vc_column enable_animation=&#8221;true&#8221; animation=&#8221;fade-in-from-right&#8221; column_padding=&#8221;no-extra-padding&#8221; column_padding_position=&#8221;all&#8221; background_color_opacity=&#8221;1&#8243; background_hover_color_opacity=&#8221;1&#8243; background_image=&#8221;7492&#8243; width=&#8221;1\/2&#8243; tablet_text_alignment=&#8221;default&#8221; phone_text_alignment=&#8221;default&#8221; offset=&#8221;vc_hidden-md vc_hidden-sm vc_hidden-xs&#8221;][\/vc_column][\/vc_row][vc_row type=&#8221;full_width_content&#8221; full_screen_row_position=&#8221;middle&#8221; scene_position=&#8221;center&#8221; text_color=&#8221;dark&#8221; text_align=&#8221;left&#8221; overlay_strength=&#8221;0.3&#8243;][vc_column enable_animation=&#8221;true&#8221; animation=&#8221;fade-in-from-left&#8221; centered_text=&#8221;true&#8221; column_padding=&#8221;no-extra-padding&#8221; column_padding_position=&#8221;all&#8221; background_color_opacity=&#8221;1&#8243; background_hover_color_opacity=&#8221;1&#8243; background_image=&#8221;7531&#8243; width=&#8221;1\/2&#8243; tablet_text_alignment=&#8221;default&#8221; phone_text_alignment=&#8221;default&#8221; offset=&#8221;vc_hidden-md vc_hidden-sm vc_hidden-xs&#8221;][\/vc_column][vc_column column_padding=&#8221;padding-10-percent&#8221; column_padding_position=&#8221;all&#8221; background_color_opacity=&#8221;1&#8243; background_hover_color_opacity=&#8221;1&#8243; bottom_margin=&#8221;20%&#8221; width=&#8221;1\/2&#8243; tablet_text_alignment=&#8221;default&#8221; phone_text_alignment=&#8221;default&#8221;][split_line_heading]\n<h5>SensFloor<sup>\u00ae<\/sup> System<\/h5>\n<h3><b>Reconna\u00eetre des sc\u00e9narios<\/b><\/h3>\n<h3><\/h3>\n[\/split_line_heading][vc_row_inner text_align=&#8221;left&#8221;][vc_column_inner enable_animation=&#8221;true&#8221; animation=&#8221;fade-in-from-bottom&#8221; column_padding=&#8221;no-extra-padding&#8221; column_padding_position=&#8221;all&#8221; background_color_opacity=&#8221;1&#8243; width=&#8221;1\/1&#8243;][vc_column_text]\n<h5><\/h5>\n<ul>\n<li>Compter des personnes, d\u00e9terminer leur direction et leur vitesse<\/li>\n<li>Diff\u00e9rencier les personnes debout et allong\u00e9es<\/li>\n<li>Monitoring d&#8217;activit\u00e9 de longue dur\u00e9e<\/li>\n<li>Cartes thermiques pour analyse de pr\u00e9sence et r\u00e9partition<\/li>\n<\/ul>\n[\/vc_column_text][\/vc_column_inner][vc_column_inner column_padding=&#8221;no-extra-padding&#8221; column_padding_position=&#8221;all&#8221; background_color_opacity=&#8221;1&#8243; width=&#8221;1\/1&#8243; offset=&#8221;vc_hidden-lg&#8221;][image_with_animation image_url=&#8221;7531&#8243; alignment=&#8221;&#8221; animation=&#8221;Fade In&#8221; box_shadow=&#8221;none&#8221; max_width=&#8221;100%&#8221;][\/vc_column_inner][\/vc_row_inner][\/vc_column][\/vc_row][vc_row type=&#8221;full_width_content&#8221; full_screen_row_position=&#8221;middle&#8221; scene_position=&#8221;center&#8221; text_color=&#8221;dark&#8221; text_align=&#8221;left&#8221; overlay_strength=&#8221;0.3&#8243;][vc_column column_padding=&#8221;padding-10-percent&#8221; column_padding_position=&#8221;all&#8221; background_color_opacity=&#8221;1&#8243; background_hover_color_opacity=&#8221;1&#8243; bottom_margin=&#8221;20%&#8221; width=&#8221;1\/2&#8243; tablet_text_alignment=&#8221;default&#8221; phone_text_alignment=&#8221;default&#8221;][split_line_heading]\n<h5>SensFloor<sup>\u00ae<\/sup><\/h5>\n<h3><b>De nombreuses fonctions &#8211; un seul syst\u00e8me<\/b><\/h3>\n[\/split_line_heading][vc_row_inner text_align=&#8221;left&#8221;][vc_column_inner enable_animation=&#8221;true&#8221; animation=&#8221;fade-in-from-bottom&#8221; column_padding=&#8221;no-extra-padding&#8221; column_padding_position=&#8221;all&#8221; background_color_opacity=&#8221;1&#8243; width=&#8221;1\/1&#8243;][vc_column_text]\n<h5><\/h5>\n<ul>\n<li>Alarme en cas de chute et d&#8217;activit\u00e9<\/li>\n<li>Contr\u00f4le de lumi\u00e8re et climatisation par la pr\u00e9sence<\/li>\n<li>Localisation d&#8217;intrus<\/li>\n<li>APIs disponible pour projets sp\u00e9cifiques aux clients, par ex. S\u00e9curit\u00e9, IoT, outil intelligent pour commerce de d\u00e9tail, multim\u00e9dia<\/li>\n<\/ul>\n[\/vc_column_text][\/vc_column_inner][vc_column_inner column_padding=&#8221;no-extra-padding&#8221; column_padding_position=&#8221;all&#8221; background_color_opacity=&#8221;1&#8243; width=&#8221;1\/1&#8243; offset=&#8221;vc_hidden-lg&#8221;][image_with_animation image_url=&#8221;7745&#8243; alignment=&#8221;&#8221; animation=&#8221;Fade In&#8221; box_shadow=&#8221;none&#8221; max_width=&#8221;100%&#8221;][\/vc_column_inner][\/vc_row_inner][\/vc_column][vc_column enable_animation=&#8221;true&#8221; animation=&#8221;fade-in-from-right&#8221; column_padding=&#8221;no-extra-padding&#8221; column_padding_position=&#8221;all&#8221; background_color_opacity=&#8221;1&#8243; background_hover_color_opacity=&#8221;1&#8243; width=&#8221;1\/2&#8243; tablet_text_alignment=&#8221;default&#8221; phone_text_alignment=&#8221;default&#8221; offset=&#8221;vc_hidden-md vc_hidden-sm vc_hidden-xs&#8221;][image_with_animation image_url=&#8221;7745&#8243; alignment=&#8221;&#8221; animation=&#8221;Fade In&#8221; box_shadow=&#8221;none&#8221; max_width=&#8221;100%&#8221;][\/vc_column][\/vc_row][vc_row type=&#8221;in_container&#8221; full_screen_row_position=&#8221;middle&#8221; scene_position=&#8221;center&#8221; text_color=&#8221;dark&#8221; text_align=&#8221;left&#8221; overlay_strength=&#8221;0.3&#8243;][vc_column column_padding=&#8221;no-extra-padding&#8221; column_padding_position=&#8221;all&#8221; background_color_opacity=&#8221;1&#8243; background_hover_color_opacity=&#8221;1&#8243; width=&#8221;1\/1&#8243; tablet_text_alignment=&#8221;default&#8221; phone_text_alignment=&#8221;default&#8221;][vc_text_separator title=&#8221;Pourquoi SensFloor\u00ae&#8221;][\/vc_column][\/vc_row][vc_row type=&#8221;in_container&#8221; full_screen_row_position=&#8221;middle&#8221; scene_position=&#8221;center&#8221; text_color=&#8221;dark&#8221; text_align=&#8221;left&#8221; overlay_strength=&#8221;0.3&#8243;][vc_column column_padding=&#8221;no-extra-padding&#8221; column_padding_position=&#8221;all&#8221; background_color_opacity=&#8221;1&#8243; background_hover_color_opacity=&#8221;1&#8243; width=&#8221;1\/2&#8243; tablet_text_alignment=&#8221;default&#8221; phone_text_alignment=&#8221;default&#8221;][toggles style=&#8221;default&#8221;][toggle color=&#8221;Extra-Color-2&#8243; title=&#8221;Capteurs de proximit\u00e9 (par ex. SensFloor\u00ae)&#8221;][vc_column_text]\n<ul>\n<li>Syst\u00e8me de mesure non m\u00e9canique -&gt; stabilit\u00e9 \u00e0 long terme<\/li>\n<li>Peut \u00eatre install\u00e9 sous tout rev\u00eatement de sol, \u00e0 l&#8217;exception des surfaces \u00e9lectriquement conductrices<\/li>\n<li>Surface de capteurs n\u00e9cessaire seulement sur 2\/3 de la surface de la pi\u00e8ce<\/li>\n<li>Pas de plinthe sp\u00e9ciale n\u00e9cessaire, s&#8217;adapte \u00e0 toute forme g\u00e9om\u00e9trique de la pi\u00e8ce<\/li>\n<li>Localisation de personnes avec haute r\u00e9solution temporelle et spatiale<\/li>\n<li>La trajectoire des personnes indique la vitesse et la direction du d\u00e9placement<\/li>\n<li>L&#8217;enregistrement de la marche : nouvelle application permettant d&#8217;\u00e9valuer le rique potentiel de chute<\/li>\n<li>Signaux statiques. Les personnes \u00e9mettent des signaux m\u00eame sans mouvement, s&#8217;ils sont allong\u00e9s ou debout sur le sol<\/li>\n<li>Compatible avec la plupart des syst\u00e8mes d&#8217;automatisation des b\u00e2timents, syst\u00e8mes d&#8217;appel internes et d&#8217;alarme \u00e0 distance<\/li>\n<li>Transmission des donn\u00e9es sans fil entre le sol sensitif et le r\u00e9cepteur &#8211; aucune ligne de donn\u00e9es n\u00e9cessaire<\/li>\n<li>Les fuites d&#8217;eau sur le sol sont d\u00e9tect\u00e9es (pr\u00e9vention de chute)<\/li>\n<li>Pas besoin de connection entre le sol sensitif et le rev\u00eatement de sol: le rev\u00eatement de sol peut \u00eatre r\u00e9nov\u00e9, sans d\u00e9truire le sol sensitif<\/li>\n<\/ul>\n[\/vc_column_text][\/toggle][\/toggles][\/vc_column][vc_column column_padding=&#8221;no-extra-padding&#8221; column_padding_position=&#8221;all&#8221; background_color_opacity=&#8221;1&#8243; background_hover_color_opacity=&#8221;1&#8243; width=&#8221;1\/2&#8243; tablet_text_alignment=&#8221;default&#8221; phone_text_alignment=&#8221;default&#8221;][toggles style=&#8221;default&#8221;][toggle color=&#8221;Extra-Color-2&#8243; title=&#8221;Capteurs de pression&#8221;][vc_column_text]\n<ul>\n<li>Syst\u00e8me de mesure m\u00e9canique -&gt; stabilit\u00e9 long-terme critique<\/li>\n<li>Ne peut \u00eatre install\u00e9 que sous un rev\u00eatement de sol flexible<\/li>\n<li>Plinthes sp\u00e9ciales incluant l&#8217;\u00e9lectronique n\u00e9cessaires. Les syst\u00e8me est interrompu au niveau des portes et fen\u00eatres au ras du sol!<\/li>\n<li>Localisation avec r\u00e9solution faible<\/li>\n<li>Les signaux ne sont d\u00e9clench\u00e9s que par le mouvement et pas en situtation statique<\/li>\n<li>Le sol sensitif et le rev\u00eatement de sol sont reli\u00e9s de mani\u00e8re fixe, le sol sensitif est d\u00e9truit en cas de r\u00e9novation<\/li>\n<li>Faible r\u00e9solution, impossible de g\u00e9n\u00e9rer des trajectoires , impact assez fort n\u00e9cessaire pour d\u00e9tection de chute<\/li>\n<\/ul>\n[\/vc_column_text][\/toggle][\/toggles][\/vc_column][\/vc_row][vc_row type=&#8221;in_container&#8221; full_screen_row_position=&#8221;middle&#8221; scene_position=&#8221;center&#8221; text_color=&#8221;dark&#8221; text_align=&#8221;left&#8221; overlay_strength=&#8221;0.3&#8243;][vc_column column_padding=&#8221;no-extra-padding&#8221; column_padding_position=&#8221;all&#8221; background_color_opacity=&#8221;1&#8243; background_hover_color_opacity=&#8221;1&#8243; width=&#8221;1\/1&#8243; tablet_text_alignment=&#8221;default&#8221; phone_text_alignment=&#8221;default&#8221;][divider line_type=&#8221;No Line&#8221; custom_height=&#8221;80&#8243;][vc_text_separator title=&#8221;Exemples de projets personnalis\u00e9s pour le client&#8221; color=&#8221;custom&#8221; accent_color=&#8221;#f7b322&#8243;]\t\t\t\t\r\n\t\t\t\t\r\n\t\t\t\t\r\n\t\t\t\t<div class=\"portfolio-wrap spaced\">\r\n\t\t\t\t\t\r\n\t\t\t\t\t\t\t\t\t\t\r\n\t\t\t\t\t<span class=\"portfolio-loading  spin\">   <\/span>\r\n\t\t\t\t\t\r\n\t\t\t\t\t\t\t\t\t\t\r\n\t\t\t\t\t<div class=\"row portfolio-items no-masonry  \"  data-masonry-type=\"default\" data-ps=\"6\" data-starting-filter=\"\" data-gutter=\"5px\" data-categories-to-show=\"system\" data-bypass-cropping=\"\" data-lightbox-only=\"0\" data-col-num=\"elastic\">\r\n\t\t\t\t\t\t\t\t\t\t\t\t\r\n\t\t\t\t\t\t\t\t\t\t\t\t\r\n\t\t\t\t\t\t<div class=\"col elastic-portfolio-item  element activity system \"  data-project-cat=\"activity system \" data-project-color=\"#3f59ff\" data-title-color=\"\" data-subtitle-color=\"\">\r\n\t\t\t\t\t\t\t\r\n\t\t\t\t\t\t\t<div class=\"inner-wrap animated\" data-animation=\"none\">\r\n\t\t\t\t\t\t\t\t\r\n\t\t\t\t\t\t\t\t\t\t\t\t\t\t\t\t\t\r\n\t\t\t\t\t\t\t\t\t<div class=\"work-item style-5\" data-custom-content=\"off\" data-text-align=\"middle\">\r\n\t\t\t\t\t\t\t\t\t\t\r\n\t\t\t\t\t\t\t\t\t\t<img class=\"sizer skip-lazy\" src=\"https:\/\/sensprotect.com\/wp-content\/uploads\/2017\/05\/Lundin-R2.jpg\" alt=\"Kunstinstallation Lundin\" \/><div class=\"parallaxImg\"><div class=\"parallaxImg-layer\" data-img=\"https:\/\/sensprotect.com\/wp-content\/uploads\/2017\/05\/Lundin-R2.jpg\"><\/div><div class=\"parallaxImg-layer\"><div class=\"bg-overlay\"><\/div> <div class=\"work-meta\"><div class=\"inner\">\t<h4 class=\"title\"> Kunstinstallation Lundin<\/h4><p> <\/p><\/div><\/div><\/div><\/div>\t\t\t\t\t\t\t\t\t\t\t\r\n\t\t\t\t\t\t\t\t\t\t\t<a href=\"https:\/\/sensprotect.com\/fr\/portfolio\/lundin-2\/\"><\/a>\r\n\t\t\t\t\t\t\t\t\t\t\t\r\n\t\t\t\t\t\t\t\t\t\t\t\t\t\t\t\t\t\t\t\t\r\n\t\t\t\t\t\t\t\t\t\t\r\n\t\t\t\t\t\t\t\t\t<\/div><!--work-item-->\r\n\t\t\t\t\t\t\t\t\t\r\n\t\t\t\t\t\t\t\t\t\r\n\t\t\t\t\t\t\t\t\t\r\n\t\t\t\t\t\t\t\t\t\t\t\t\t\t\t\t\r\n\t\t\t\t\t\t\t\t\r\n\t\t\t\t\t\t\t<\/div><!--\/inner-wrap-->\r\n\t\t\t\t\t\t<\/div><!--\/col-->\r\n\t\t\t\t\t\t\r\n\t\t\t\t\t\t\t\t\t\t\t\r\n\t\t\t\t\t\t\t\t\t\t\t\t\r\n\t\t\t\t\t\t<div class=\"col elastic-portfolio-item  element system \"  data-project-cat=\"system \" data-project-color=\"#3f59ff\" data-title-color=\"\" data-subtitle-color=\"\">\r\n\t\t\t\t\t\t\t\r\n\t\t\t\t\t\t\t<div class=\"inner-wrap animated\" data-animation=\"none\">\r\n\t\t\t\t\t\t\t\t\r\n\t\t\t\t\t\t\t\t\t\t\t\t\t\t\t\t\t\r\n\t\t\t\t\t\t\t\t\t<div class=\"work-item style-5\" data-custom-content=\"off\" data-text-align=\"middle\">\r\n\t\t\t\t\t\t\t\t\t\t\r\n\t\t\t\t\t\t\t\t\t\t<img class=\"sizer skip-lazy\" src=\"https:\/\/sensprotect.com\/wp-content\/uploads\/2017\/06\/3-Piano.jpg\" alt=\"SensPiano\" \/><div class=\"parallaxImg\"><div class=\"parallaxImg-layer\" data-img=\"https:\/\/sensprotect.com\/wp-content\/uploads\/2017\/06\/3-Piano.jpg\"><\/div><div class=\"parallaxImg-layer\"><div class=\"bg-overlay\"><\/div> <div class=\"work-meta\"><div class=\"inner\">\t<h4 class=\"title\"> SensPiano<\/h4><p> <\/p><\/div><\/div><\/div><\/div>\t\t\t\t\t\t\t\t\t\t\t\r\n\t\t\t\t\t\t\t\t\t\t\t<a href=\"https:\/\/sensprotect.com\/fr\/portfolio\/senspiano\/\"><\/a>\r\n\t\t\t\t\t\t\t\t\t\t\t\r\n\t\t\t\t\t\t\t\t\t\t\t\t\t\t\t\t\t\t\t\t\r\n\t\t\t\t\t\t\t\t\t\t\r\n\t\t\t\t\t\t\t\t\t<\/div><!--work-item-->\r\n\t\t\t\t\t\t\t\t\t\r\n\t\t\t\t\t\t\t\t\t\r\n\t\t\t\t\t\t\t\t\t\r\n\t\t\t\t\t\t\t\t\t\t\t\t\t\t\t\t\r\n\t\t\t\t\t\t\t\t\r\n\t\t\t\t\t\t\t<\/div><!--\/inner-wrap-->\r\n\t\t\t\t\t\t<\/div><!--\/col-->\r\n\t\t\t\t\t\t\r\n\t\t\t\t\t\t\t\t\t\t\t\r\n\t\t\t\t\t\t\t\t\t\t\t\t\r\n\t\t\t\t\t\t<div class=\"col elastic-portfolio-item  element system \"  data-project-cat=\"system \" data-project-color=\"#3f59ff\" data-title-color=\"\" data-subtitle-color=\"\">\r\n\t\t\t\t\t\t\t\r\n\t\t\t\t\t\t\t<div class=\"inner-wrap animated\" data-animation=\"none\">\r\n\t\t\t\t\t\t\t\t\r\n\t\t\t\t\t\t\t\t\t\t\t\t\t\t\t\t\t\r\n\t\t\t\t\t\t\t\t\t<div class=\"work-item style-5\" data-custom-content=\"off\" data-text-align=\"middle\">\r\n\t\t\t\t\t\t\t\t\t\t\r\n\t\t\t\t\t\t\t\t\t\t<img class=\"sizer skip-lazy\" src=\"https:\/\/sensprotect.com\/wp-content\/uploads\/2017\/06\/2-Zaehlen.jpg\" alt=\"Comptage\" \/><div class=\"parallaxImg\"><div class=\"parallaxImg-layer\" data-img=\"https:\/\/sensprotect.com\/wp-content\/uploads\/2017\/06\/2-Zaehlen.jpg\"><\/div><div class=\"parallaxImg-layer\"><div class=\"bg-overlay\"><\/div> <div class=\"work-meta\"><div class=\"inner\">\t<h4 class=\"title\"> Comptage<\/h4><p>  <\/p><\/div><\/div><\/div><\/div>\t\t\t\t\t\t\t\t\t\t\t\r\n\t\t\t\t\t\t\t\t\t\t\t<a href=\"https:\/\/sensprotect.com\/fr\/portfolio\/comptage\/\"><\/a>\r\n\t\t\t\t\t\t\t\t\t\t\t\r\n\t\t\t\t\t\t\t\t\t\t\t\t\t\t\t\t\t\t\t\t\r\n\t\t\t\t\t\t\t\t\t\t\r\n\t\t\t\t\t\t\t\t\t<\/div><!--work-item-->\r\n\t\t\t\t\t\t\t\t\t\r\n\t\t\t\t\t\t\t\t\t\r\n\t\t\t\t\t\t\t\t\t\r\n\t\t\t\t\t\t\t\t\t\t\t\t\t\t\t\t\r\n\t\t\t\t\t\t\t\t\r\n\t\t\t\t\t\t\t<\/div><!--\/inner-wrap-->\r\n\t\t\t\t\t\t<\/div><!--\/col-->\r\n\t\t\t\t\t\t\r\n\t\t\t\t\t\t\t\t\t\t\t\r\n\t\t\t\t\t\t\t\t\t\t\t\t\r\n\t\t\t\t\t\t<div class=\"col elastic-portfolio-item  element system \"  data-project-cat=\"system \" data-project-color=\"#3f59ff\" data-title-color=\"\" data-subtitle-color=\"\">\r\n\t\t\t\t\t\t\t\r\n\t\t\t\t\t\t\t<div class=\"inner-wrap animated\" data-animation=\"none\">\r\n\t\t\t\t\t\t\t\t\r\n\t\t\t\t\t\t\t\t\t\t\t\t\t\t\t\t\t\r\n\t\t\t\t\t\t\t\t\t<div class=\"work-item style-5\" data-custom-content=\"off\" data-text-align=\"middle\">\r\n\t\t\t\t\t\t\t\t\t\t\r\n\t\t\t\t\t\t\t\t\t\t<img class=\"sizer skip-lazy\" src=\"https:\/\/sensprotect.com\/wp-content\/uploads\/2017\/06\/1-Sicherheitsschleuse-mit-RFID.jpg\" alt=\"Barri\u00e8re de s\u00e9curit\u00e9\" \/><div class=\"parallaxImg\"><div class=\"parallaxImg-layer\" data-img=\"https:\/\/sensprotect.com\/wp-content\/uploads\/2017\/06\/1-Sicherheitsschleuse-mit-RFID.jpg\"><\/div><div class=\"parallaxImg-layer\"><div class=\"bg-overlay\"><\/div> <div class=\"work-meta\"><div class=\"inner\">\t<h4 class=\"title\"> Barri\u00e8re de s\u00e9curit\u00e9<\/h4><p> <\/p><\/div><\/div><\/div><\/div>\t\t\t\t\t\t\t\t\t\t\t\r\n\t\t\t\t\t\t\t\t\t\t\t<a href=\"https:\/\/sensprotect.com\/fr\/portfolio\/barriere-de-securite\/\"><\/a>\r\n\t\t\t\t\t\t\t\t\t\t\t\r\n\t\t\t\t\t\t\t\t\t\t\t\t\t\t\t\t\t\t\t\t\r\n\t\t\t\t\t\t\t\t\t\t\r\n\t\t\t\t\t\t\t\t\t<\/div><!--work-item-->\r\n\t\t\t\t\t\t\t\t\t\r\n\t\t\t\t\t\t\t\t\t\r\n\t\t\t\t\t\t\t\t\t\r\n\t\t\t\t\t\t\t\t\t\t\t\t\t\t\t\t\r\n\t\t\t\t\t\t\t\t\r\n\t\t\t\t\t\t\t<\/div><!--\/inner-wrap-->\r\n\t\t\t\t\t\t<\/div><!--\/col-->\r\n\t\t\t\t\t\t\r\n\t\t\t\t\t\t\t\t\t\t\t\r\n\t\t\t\t\t\t\t\t\t\t\t\t\r\n\t\t\t\t\t\t<div class=\"col elastic-portfolio-item  element activity system \"  data-project-cat=\"activity system \" data-project-color=\"#3f59ff\" data-title-color=\"\" data-subtitle-color=\"\">\r\n\t\t\t\t\t\t\t\r\n\t\t\t\t\t\t\t<div class=\"inner-wrap animated\" data-animation=\"none\">\r\n\t\t\t\t\t\t\t\t\r\n\t\t\t\t\t\t\t\t\t\t\t\t\t\t\t\t\t\r\n\t\t\t\t\t\t\t\t\t<div class=\"work-item style-5\" data-custom-content=\"off\" data-text-align=\"middle\">\r\n\t\t\t\t\t\t\t\t\t\t\r\n\t\t\t\t\t\t\t\t\t\t<img class=\"sizer skip-lazy\" src=\"https:\/\/sensprotect.com\/wp-content\/uploads\/2017\/06\/R4-Scanner-Flughafen-HH.jpg\" alt=\"Bodyscanner\" \/><div class=\"parallaxImg\"><div class=\"parallaxImg-layer\" data-img=\"https:\/\/sensprotect.com\/wp-content\/uploads\/2017\/06\/R4-Scanner-Flughafen-HH.jpg\"><\/div><div class=\"parallaxImg-layer\"><div class=\"bg-overlay\"><\/div> <div class=\"work-meta\"><div class=\"inner\">\t<h4 class=\"title\"> Bodyscanner<\/h4><p> <\/p><\/div><\/div><\/div><\/div>\t\t\t\t\t\t\t\t\t\t\t\r\n\t\t\t\t\t\t\t\t\t\t\t<a href=\"https:\/\/sensprotect.com\/fr\/portfolio\/bodyscanner\/\"><\/a>\r\n\t\t\t\t\t\t\t\t\t\t\t\r\n\t\t\t\t\t\t\t\t\t\t\t\t\t\t\t\t\t\t\t\t\r\n\t\t\t\t\t\t\t\t\t\t\r\n\t\t\t\t\t\t\t\t\t<\/div><!--work-item-->\r\n\t\t\t\t\t\t\t\t\t\r\n\t\t\t\t\t\t\t\t\t\r\n\t\t\t\t\t\t\t\t\t\r\n\t\t\t\t\t\t\t\t\t\t\t\t\t\t\t\t\r\n\t\t\t\t\t\t\t\t\r\n\t\t\t\t\t\t\t<\/div><!--\/inner-wrap-->\r\n\t\t\t\t\t\t<\/div><!--\/col-->\r\n\t\t\t\t\t\t\r\n\t\t\t\t\t\t\t\t\t\t\t\r\n\t\t\t\t\t\t\t\t\t\t\t\t\r\n\t\t\t\t\t\t<div class=\"col elastic-portfolio-item  element activity system \"  data-project-cat=\"activity system \" data-project-color=\"#3f59ff\" data-title-color=\"\" data-subtitle-color=\"\">\r\n\t\t\t\t\t\t\t\r\n\t\t\t\t\t\t\t<div class=\"inner-wrap animated\" data-animation=\"none\">\r\n\t\t\t\t\t\t\t\t\r\n\t\t\t\t\t\t\t\t\t\t\t\t\t\t\t\t\t\r\n\t\t\t\t\t\t\t\t\t<div class=\"work-item style-5\" data-custom-content=\"off\" data-text-align=\"middle\">\r\n\t\t\t\t\t\t\t\t\t\t\r\n\t\t\t\t\t\t\t\t\t\t<img class=\"sizer skip-lazy\" src=\"https:\/\/sensprotect.com\/wp-content\/uploads\/2017\/06\/R3-Abu-Dhabi-3-Monkeys.jpg\" alt=\"Festival in Abu Dhabi\" \/><div class=\"parallaxImg\"><div class=\"parallaxImg-layer\" data-img=\"https:\/\/sensprotect.com\/wp-content\/uploads\/2017\/06\/R3-Abu-Dhabi-3-Monkeys.jpg\"><\/div><div class=\"parallaxImg-layer\"><div class=\"bg-overlay\"><\/div> <div class=\"work-meta\"><div class=\"inner\">\t<h4 class=\"title\"> Festival in Abu Dhabi<\/h4><p> <\/p><\/div><\/div><\/div><\/div>\t\t\t\t\t\t\t\t\t\t\t\r\n\t\t\t\t\t\t\t\t\t\t\t<a href=\"https:\/\/sensprotect.com\/fr\/portfolio\/abu-dhabi\/\"><\/a>\r\n\t\t\t\t\t\t\t\t\t\t\t\r\n\t\t\t\t\t\t\t\t\t\t\t\t\t\t\t\t\t\t\t\t\r\n\t\t\t\t\t\t\t\t\t\t\r\n\t\t\t\t\t\t\t\t\t<\/div><!--work-item-->\r\n\t\t\t\t\t\t\t\t\t\r\n\t\t\t\t\t\t\t\t\t\r\n\t\t\t\t\t\t\t\t\t\r\n\t\t\t\t\t\t\t\t\t\t\t\t\t\t\t\t\r\n\t\t\t\t\t\t\t\t\r\n\t\t\t\t\t\t\t<\/div><!--\/inner-wrap-->\r\n\t\t\t\t\t\t<\/div><!--\/col-->\r\n\t\t\t\t\t\t\r\n\t\t\t\t\t\t\t\t\t\t\t\r\n\t\t\t\t\t\t\t\t\t\t\t\t\r\n\t\t\t\t\t\t<div class=\"col elastic-portfolio-item  element activity system \"  data-project-cat=\"activity system \" data-project-color=\"#3f59ff\" data-title-color=\"\" data-subtitle-color=\"\">\r\n\t\t\t\t\t\t\t\r\n\t\t\t\t\t\t\t<div class=\"inner-wrap animated\" data-animation=\"none\">\r\n\t\t\t\t\t\t\t\t\r\n\t\t\t\t\t\t\t\t\t\t\t\t\t\t\t\t\t\r\n\t\t\t\t\t\t\t\t\t<div class=\"work-item style-5\" data-custom-content=\"off\" data-text-align=\"middle\">\r\n\t\t\t\t\t\t\t\t\t\t\r\n\t\t\t\t\t\t\t\t\t\t<img class=\"sizer skip-lazy\" src=\"https:\/\/sensprotect.com\/wp-content\/uploads\/2017\/05\/Netflix-R1MIN.jpg\" alt=\"Netflix\" \/><div class=\"parallaxImg\"><div class=\"parallaxImg-layer\" data-img=\"https:\/\/sensprotect.com\/wp-content\/uploads\/2017\/05\/Netflix-R1MIN.jpg\"><\/div><div class=\"parallaxImg-layer\"><div class=\"bg-overlay\"><\/div> <div class=\"work-meta\"><div class=\"inner\">\t<h4 class=\"title\"> Netflix<\/h4><p> <\/p><\/div><\/div><\/div><\/div>\t\t\t\t\t\t\t\t\t\t\t\r\n\t\t\t\t\t\t\t\t\t\t\t<a href=\"https:\/\/sensprotect.com\/fr\/portfolio\/netflix\/\"><\/a>\r\n\t\t\t\t\t\t\t\t\t\t\t\r\n\t\t\t\t\t\t\t\t\t\t\t\t\t\t\t\t\t\t\t\t\r\n\t\t\t\t\t\t\t\t\t\t\r\n\t\t\t\t\t\t\t\t\t<\/div><!--work-item-->\r\n\t\t\t\t\t\t\t\t\t\r\n\t\t\t\t\t\t\t\t\t\r\n\t\t\t\t\t\t\t\t\t\r\n\t\t\t\t\t\t\t\t\t\t\t\t\t\t\t\t\r\n\t\t\t\t\t\t\t\t\r\n\t\t\t\t\t\t\t<\/div><!--\/inner-wrap-->\r\n\t\t\t\t\t\t<\/div><!--\/col-->\r\n\t\t\t\t\t\t\r\n\t\t\t\t\t\t\t\t\t\t\r\n\t\t\t\t<\/div><!--\/portfolio-->\r\n\t\t\t<\/div><!--\/portfolio wrap-->\r\n\t\t\t\r\n\t\t\t[\/vc_column][\/vc_row]\n","protected":false},"excerpt":{"rendered":"<p>[vc_row type=&#8221;in_container&#8221; full_screen_row_position=&#8221;middle&#8221; scene_position=&#8221;center&#8221; text_color=&#8221;dark&#8221; text_align=&#8221;left&#8221; top_padding=&#8221;100&#8243; overlay_strength=&#8221;0.3&#8243;][vc_column column_padding=&#8221;no-extra-padding&#8221; column_padding_position=&#8221;all&#8221; background_color_opacity=&#8221;1&#8243; background_hover_color_opacity=&#8221;1&#8243; width=&#8221;1\/1&#8243; tablet_text_alignment=&#8221;default&#8221; phone_text_alignment=&#8221;default&#8221;][vc_column_text] SensFloor\u00ae est une sous-couche sensitive qui peut \u00eatre install\u00e9e sous quasiment tout type de rev\u00eatements&#8230;<\/p>\n","protected":false},"author":1,"featured_media":0,"parent":0,"menu_order":0,"comment_status":"closed","ping_status":"closed","template":"","meta":{"_monsterinsights_skip_tracking":false,"_monsterinsights_sitenote_active":false,"_monsterinsights_sitenote_note":"","_monsterinsights_sitenote_category":0},"_links":{"self":[{"href":"https:\/\/sensprotect.com\/fr\/wp-json\/wp\/v2\/pages\/6221"}],"collection":[{"href":"https:\/\/sensprotect.com\/fr\/wp-json\/wp\/v2\/pages"}],"about":[{"href":"https:\/\/sensprotect.com\/fr\/wp-json\/wp\/v2\/types\/page"}],"author":[{"embeddable":true,"href":"https:\/\/sensprotect.com\/fr\/wp-json\/wp\/v2\/users\/1"}],"replies":[{"embeddable":true,"href":"https:\/\/sensprotect.com\/fr\/wp-json\/wp\/v2\/comments?post=6221"}],"version-history":[{"count":12,"href":"https:\/\/sensprotect.com\/fr\/wp-json\/wp\/v2\/pages\/6221\/revisions"}],"predecessor-version":[{"id":7934,"href":"https:\/\/sensprotect.com\/fr\/wp-json\/wp\/v2\/pages\/6221\/revisions\/7934"}],"wp:attachment":[{"href":"https:\/\/sensprotect.com\/fr\/wp-json\/wp\/v2\/media?parent=6221"}],"curies":[{"name":"wp","href":"https:\/\/api.w.org\/{rel}","templated":true}]}}