{"id":6228,"date":"2017-05-09T14:34:14","date_gmt":"2017-05-09T14:34:14","guid":{"rendered":"https:\/\/sensprotect.com\/?page_id=6228"},"modified":"2017-10-05T12:54:27","modified_gmt":"2017-10-05T12:54:27","slug":"qui-sommes-nous","status":"publish","type":"page","link":"https:\/\/sensprotect.com\/fr\/qui-sommes-nous\/","title":{"rendered":"Qui sommes-nous?"},"content":{"rendered":"[vc_row type=&#8221;in_container&#8221; full_screen_row_position=&#8221;middle&#8221; scene_position=&#8221;center&#8221; text_color=&#8221;dark&#8221; text_align=&#8221;left&#8221; overlay_strength=&#8221;0.3&#8243;][vc_column column_padding=&#8221;no-extra-padding&#8221; column_padding_position=&#8221;all&#8221; background_color_opacity=&#8221;1&#8243; background_hover_color_opacity=&#8221;1&#8243; width=&#8221;1\/1&#8243; tablet_text_alignment=&#8221;default&#8221; phone_text_alignment=&#8221;default&#8221;][vc_column_text]Future-Shape GmbH a de longues ann\u00e9es d&#8217;exp\u00e9rience dans la science des mat\u00e9riaux, la technologie des capteurs capacitifs, les syst\u00e8mes radio et l&#8217;int\u00e9gration \u00e0 la domotique, les syst\u00e8mes d&#8217;alarme et d&#8217;appel-malade. Avec des d&#8217;algorithmes d&#8217;analyse intelligents, il est possible d&#8217;obtenir des profils d&#8217;activit\u00e9s et sch\u00e9mas de marche pertinents et fiables depuis les donn\u00e9es SensFloor haute r\u00e9solution. Le SensFloor grande surface propose de nombreuses applications possibles dans les domaines du soin, r\u00e9habilitation, vente de d\u00e9tail, s\u00e9curit\u00e9 et multim\u00e9dia.<\/p>\n<p>Future-Shape GmbH fut cr\u00e9\u00e9e en 2005 par Christl Lauterbach. Cette entreprise \u00e0 capital priv\u00e9 est dirig\u00e9e de mani\u00e8re ind\u00e9pendante et sans aucune participation.[\/vc_column_text][\/vc_column][\/vc_row][vc_row type=&#8221;in_container&#8221; full_screen_row_position=&#8221;middle&#8221; scene_position=&#8221;center&#8221; text_color=&#8221;dark&#8221; text_align=&#8221;left&#8221; overlay_strength=&#8221;0.3&#8243;][vc_column column_padding=&#8221;no-extra-padding&#8221; column_padding_position=&#8221;all&#8221; background_color_opacity=&#8221;1&#8243; background_hover_color_opacity=&#8221;1&#8243; width=&#8221;1\/1&#8243; tablet_text_alignment=&#8221;default&#8221; phone_text_alignment=&#8221;default&#8221;][divider line_type=&#8221;No Line&#8221;][divider line_type=&#8221;No Line&#8221;][\/vc_column][\/vc_row][vc_row type=&#8221;in_container&#8221; full_screen_row_position=&#8221;middle&#8221; scene_position=&#8221;center&#8221; text_color=&#8221;dark&#8221; text_align=&#8221;left&#8221; overlay_strength=&#8221;0.3&#8243;][vc_column centered_text=&#8221;true&#8221; column_padding=&#8221;no-extra-padding&#8221; column_padding_position=&#8221;all&#8221; background_color_opacity=&#8221;1&#8243; background_hover_color_opacity=&#8221;1&#8243; width=&#8221;1\/1&#8243; tablet_text_alignment=&#8221;default&#8221; phone_text_alignment=&#8221;default&#8221;][vc_text_separator title=&#8221;Le management de Future-Shape&#8221; color=&#8221;custom&#8221; accent_color=&#8221;#f7b332&#8243;][\/vc_column][\/vc_row][vc_row type=&#8221;in_container&#8221; full_screen_row_position=&#8221;middle&#8221; scene_position=&#8221;center&#8221; text_color=&#8221;dark&#8221; text_align=&#8221;left&#8221; overlay_strength=&#8221;0.3&#8243;][vc_column column_padding=&#8221;no-extra-padding&#8221; column_padding_position=&#8221;all&#8221; background_color_opacity=&#8221;1&#8243; background_hover_color_opacity=&#8221;1&#8243; width=&#8221;1\/3&#8243; tablet_text_alignment=&#8221;default&#8221; phone_text_alignment=&#8221;default&#8221;][team_member image_url=&#8221;7513&#8243; team_memeber_style=&#8221;meta_below&#8221; link_element=&#8221;none&#8221; color=&#8221;Accent-Color&#8221; name=&#8221;Christl Lauterbach&#8221; job_position=&#8221;Fondatrice et CEO&#8221;][toggles style=&#8221;default&#8221;][toggle color=&#8221;Extra-Color-2&#8243; title=&#8221; Curriculum vitae&#8221;][vc_column_text]\n<ul>\n<li>Fondatrice et Managing Director de Future-Shape GmbH depuis 2005<\/li>\n<li>6 ans au sein du Service Recherche d&#8217;Infineon, Senior Ing\u00e9nieur pour technologies \u00e9mergentes, Chef de Projet smart textiles<\/li>\n<li>22 ans chez Siemens AG, au si\u00e8ge Recherche, d\u00e9veloppeuse de technologie de semi-conducteurs et technique des circuits<\/li>\n<li>&gt;200 brevets et demandes de brevets, &gt;100 publication scientifiques<\/li>\n<li>Conseil scientifique au ITA-Institut de l&#8217;universit\u00e9 RWTH Aachen<\/li>\n<li>Membre de VDI, groupe DKE AAL<\/li>\n<\/ul>\n[\/vc_column_text][\/toggle][\/toggles][\/vc_column][vc_column column_padding=&#8221;no-extra-padding&#8221; column_padding_position=&#8221;all&#8221; background_color_opacity=&#8221;1&#8243; background_hover_color_opacity=&#8221;1&#8243; width=&#8221;1\/3&#8243; tablet_text_alignment=&#8221;default&#8221; phone_text_alignment=&#8221;default&#8221;][team_member image_url=&#8221;7514&#8243; team_memeber_style=&#8221;meta_below&#8221; link_element=&#8221;none&#8221; color=&#8221;Accent-Color&#8221; name=&#8221;Dr. Axel Steinhage&#8221; job_position=&#8221;Directeur de la Technologie&#8221;][toggles style=&#8221;default&#8221;][toggle color=&#8221;Extra-Color-2&#8243; title=&#8221; Curriculum vitae&#8221;][vc_column_text]\n<ul>\n<li>Directeur Recherche et D\u00e9veloppement Future-Shape GmbH depuis 2006<\/li>\n<li>5 ans au sein d&#8217;Infineon Recherche, Chef de Projet &#8220;Int\u00e9raction Homme-Machines&#8221;<\/li>\n<li>11 ans \u00e0 l&#8217;Institut f\u00fcr Neuroinformatik, Bochum, Directeur de Recherche robotique et syst\u00e8mes dynamiques<\/li>\n<li>Dipl\u00f4me et doctorat en physique th\u00e9orique avec excellence<\/li>\n<li>90 articles de journaux et livres, expert pour IEEE<\/li>\n<li>Direction de 10 projets BMBF et projets de d\u00e9veloppement Europ\u00e9ens<\/li>\n<\/ul>\n[\/vc_column_text][\/toggle][\/toggles][\/vc_column][vc_column column_padding=&#8221;no-extra-padding&#8221; column_padding_position=&#8221;all&#8221; background_color_opacity=&#8221;1&#8243; background_hover_color_opacity=&#8221;1&#8243; width=&#8221;1\/3&#8243; tablet_text_alignment=&#8221;default&#8221; phone_text_alignment=&#8221;default&#8221;][team_member image_url=&#8221;7515&#8243; team_memeber_style=&#8221;meta_below&#8221; link_element=&#8221;none&#8221; color=&#8221;Accent-Color&#8221; name=&#8221;Erwin Burth&#8221; job_position=&#8221;Directeur Marketing&#8221;][toggles style=&#8221;default&#8221;][toggle color=&#8221;Extra-Color-2&#8243; title=&#8221; Curriculum vitae&#8221;][vc_column_text]\n<ul>\n<li>Expertise reconnue dans la mise en place de nouveaux mod\u00e8les commerciaux et strat\u00e9gies GoToMarket<\/li>\n<li>12 ans Autodesk www.autodesk.com: postes de direction en Sales Management et Business Development. Dernier poste: Directeur de la division Simulation Digitale EMEA<\/li>\n<li>12+ ans Mensch und Maschine AG\u00a0www.mum.de: VP Business Unit et Directeur Business International<\/li>\n<\/ul>\n[\/vc_column_text][\/toggle][\/toggles][\/vc_column][\/vc_row][vc_column column_padding=&#8221;padding-2-percent&#8221; column_padding_position=&#8221;all&#8221; background_color_opacity=&#8221;1&#8243; background_hover_color_opacity=&#8221;1&#8243; width=&#8221;1\/2&#8243; tablet_text_alignment=&#8221;default&#8221; phone_text_alignment=&#8221;default&#8221;][\/vc_column]\n","protected":false},"excerpt":{"rendered":"<p>[vc_row type=&#8221;in_container&#8221; full_screen_row_position=&#8221;middle&#8221; scene_position=&#8221;center&#8221; text_color=&#8221;dark&#8221; text_align=&#8221;left&#8221; overlay_strength=&#8221;0.3&#8243;][vc_column column_padding=&#8221;no-extra-padding&#8221; column_padding_position=&#8221;all&#8221; background_color_opacity=&#8221;1&#8243; background_hover_color_opacity=&#8221;1&#8243; width=&#8221;1\/1&#8243; tablet_text_alignment=&#8221;default&#8221; phone_text_alignment=&#8221;default&#8221;][vc_column_text]Future-Shape GmbH a de longues ann\u00e9es d&#8217;exp\u00e9rience dans la science des mat\u00e9riaux, la technologie des capteurs capacitifs,&#8230;<\/p>\n","protected":false},"author":1,"featured_media":0,"parent":0,"menu_order":0,"comment_status":"closed","ping_status":"closed","template":"","meta":{"_monsterinsights_skip_tracking":false,"_monsterinsights_sitenote_active":false,"_monsterinsights_sitenote_note":"","_monsterinsights_sitenote_category":0},"_links":{"self":[{"href":"https:\/\/sensprotect.com\/fr\/wp-json\/wp\/v2\/pages\/6228"}],"collection":[{"href":"https:\/\/sensprotect.com\/fr\/wp-json\/wp\/v2\/pages"}],"about":[{"href":"https:\/\/sensprotect.com\/fr\/wp-json\/wp\/v2\/types\/page"}],"author":[{"embeddable":true,"href":"https:\/\/sensprotect.com\/fr\/wp-json\/wp\/v2\/users\/1"}],"replies":[{"embeddable":true,"href":"https:\/\/sensprotect.com\/fr\/wp-json\/wp\/v2\/comments?post=6228"}],"version-history":[{"count":5,"href":"https:\/\/sensprotect.com\/fr\/wp-json\/wp\/v2\/pages\/6228\/revisions"}],"predecessor-version":[{"id":7853,"href":"https:\/\/sensprotect.com\/fr\/wp-json\/wp\/v2\/pages\/6228\/revisions\/7853"}],"wp:attachment":[{"href":"https:\/\/sensprotect.com\/fr\/wp-json\/wp\/v2\/media?parent=6228"}],"curies":[{"name":"wp","href":"https:\/\/api.w.org\/{rel}","templated":true}]}}