{"id":7666,"date":"2015-12-30T15:17:20","date_gmt":"2015-12-30T15:17:20","guid":{"rendered":"http:\/\/themenectar.com\/demo\/salient-corporate\/?page_id=4"},"modified":"2017-12-12T14:41:59","modified_gmt":"2017-12-12T14:41:59","slug":"home","status":"publish","type":"page","link":"https:\/\/sensprotect.com\/fr\/","title":{"rendered":"Solutions techniques"},"content":{"rendered":"[vc_row type=&#8221;full_width_background&#8221; full_screen_row_position=&#8221;middle&#8221; equal_height=&#8221;yes&#8221; content_placement=&#8221;top&#8221; scene_position=&#8221;center&#8221; text_color=&#8221;dark&#8221; text_align=&#8221;left&#8221; overlay_strength=&#8221;0.3&#8243;][vc_column enable_animation=&#8221;true&#8221; animation=&#8221;fade-in-from-bottom&#8221; column_padding=&#8221;no-extra-padding&#8221; column_padding_position=&#8221;right&#8221; background_color_opacity=&#8221;1&#8243; background_color_hover=&#8221;#f9f9f9&#8243; background_hover_color_opacity=&#8221;1&#8243; width=&#8221;1\/3&#8243; tablet_text_alignment=&#8221;default&#8221; phone_text_alignment=&#8221;default&#8221; offset=&#8221;vc_col-lg-offset-0 vc_col-md-offset-0 vc_col-sm-offset-0&#8243;][split_line_heading]\n<h5>SensFloor<sup>\u00ae\u00a0<\/sup>Care<\/h5>\n<h3><strong>Soins m\u00e9dicaux et h\u00f4pitaux<\/strong><\/h3>\n[\/split_line_heading][vc_column_text]\n<ul>\n<li>Reconnaissance des trajectoires de mouvements<\/li>\n<li>Optimisation de la charge de travail<\/li>\n<li>Identification des situations d&#8217;urgence<\/li>\n<\/ul>\n[\/vc_column_text][divider line_type=&#8221;No Line&#8221; custom_height=&#8221;45&#8243;][nectar_btn size=&#8221;medium&#8221; button_style=&#8221;regular&#8221; button_color_2=&#8221;extra-color-gradient-2&#8243; icon_family=&#8221;none&#8221; url=&#8221;\/fr\/soins-medicaux-et-hopitaux&#8221; text=&#8221;Soins m\u00e9dicaux et h\u00f4pitaux&#8221;][\/vc_column][vc_column enable_animation=&#8221;true&#8221; animation=&#8221;fade-in-from-bottom&#8221; column_padding=&#8221;no-extra-padding&#8221; column_padding_position=&#8221;all&#8221; background_color_opacity=&#8221;1&#8243; background_color_hover=&#8221;#f9f9f9&#8243; background_hover_color_opacity=&#8221;1&#8243; width=&#8221;1\/3&#8243; tablet_text_alignment=&#8221;default&#8221; phone_text_alignment=&#8221;default&#8221;][split_line_heading]\n<h5>SensFloor<sup>\u00ae\u00a0<\/sup>Activity<\/h5>\n<h3><b>Suivi d&#8217;activit\u00e9<\/b><\/h3>\n[\/split_line_heading][vc_column_text]\n<ul>\n<li>R\u00e9pertoriage des flux de visiteurs<\/li>\n<li>Interaction multim\u00e9dia<\/li>\n<li>Applications dans la s\u00e9curit\u00e9<\/li>\n<\/ul>\n[\/vc_column_text][divider line_type=&#8221;No Line&#8221; custom_height=&#8221;45&#8243;][nectar_btn size=&#8221;medium&#8221; button_style=&#8221;regular&#8221; button_color_2=&#8221;extra-color-gradient-2&#8243; icon_family=&#8221;none&#8221; url=&#8221;\/fr\/profil-dactivite&#8221; text=&#8221;Profil d&#8217;activit\u00e9&#8221;][\/vc_column][vc_column enable_animation=&#8221;true&#8221; animation=&#8221;fade-in-from-bottom&#8221; column_padding=&#8221;no-extra-padding&#8221; column_padding_position=&#8221;all&#8221; background_color_opacity=&#8221;1&#8243; background_color_hover=&#8221;#f9f9f9&#8243; background_hover_color_opacity=&#8221;1&#8243; width=&#8221;1\/3&#8243; tablet_text_alignment=&#8221;default&#8221; phone_text_alignment=&#8221;default&#8221;][split_line_heading]\n<h5>SensFloor<sup>\u00ae<\/sup> Gait<\/h5>\n<h3><strong>Sch\u00e9ma de la marche<\/strong><\/h3>\n[\/split_line_heading][vc_column_text]\n<ul>\n<li>Evaluation de l&#8217;\u00e9tat de sant\u00e9<\/li>\n<li>Estimation du risque de chute<\/li>\n<li>Mesure objective des progr\u00e9s de r\u00e9\u00e9ducation<\/li>\n<\/ul>\n[\/vc_column_text][divider line_type=&#8221;No Line&#8221; custom_height=&#8221;45&#8243;][nectar_btn size=&#8221;medium&#8221; button_style=&#8221;regular&#8221; button_color_2=&#8221;extra-color-gradient-2&#8243; icon_family=&#8221;none&#8221; url=&#8221;\/fr\/enregistrement-de-la-marche&#8221; text=&#8221;Sch\u00e9ma de la marche&#8221;][\/vc_column][\/vc_row][vc_row type=&#8221;in_container&#8221; full_screen_row_position=&#8221;middle&#8221; scene_position=&#8221;center&#8221; text_color=&#8221;dark&#8221; text_align=&#8221;left&#8221; overlay_strength=&#8221;0.3&#8243;][vc_column column_padding=&#8221;no-extra-padding&#8221; column_padding_position=&#8221;all&#8221; background_color_opacity=&#8221;1&#8243; background_hover_color_opacity=&#8221;1&#8243; width=&#8221;1\/1&#8243; tablet_text_alignment=&#8221;default&#8221; phone_text_alignment=&#8221;default&#8221;][divider line_type=&#8221;No Line&#8221; custom_height=&#8221;30&#8243;][\/vc_column][\/vc_row]\n","protected":false},"excerpt":{"rendered":"<p>[vc_row type=&#8221;full_width_background&#8221; full_screen_row_position=&#8221;middle&#8221; equal_height=&#8221;yes&#8221; content_placement=&#8221;top&#8221; scene_position=&#8221;center&#8221; text_color=&#8221;dark&#8221; text_align=&#8221;left&#8221; overlay_strength=&#8221;0.3&#8243;][vc_column enable_animation=&#8221;true&#8221; animation=&#8221;fade-in-from-bottom&#8221; column_padding=&#8221;no-extra-padding&#8221; column_padding_position=&#8221;right&#8221; background_color_opacity=&#8221;1&#8243; background_color_hover=&#8221;#f9f9f9&#8243; background_hover_color_opacity=&#8221;1&#8243; width=&#8221;1\/3&#8243; tablet_text_alignment=&#8221;default&#8221; phone_text_alignment=&#8221;default&#8221; offset=&#8221;vc_col-lg-offset-0 vc_col-md-offset-0 vc_col-sm-offset-0&#8243;][split_line_heading] SensFloor\u00ae\u00a0Care Soins m\u00e9dicaux et h\u00f4pitaux [\/split_line_heading][vc_column_text] Reconnaissance des&#8230;<\/p>\n","protected":false},"author":1,"featured_media":0,"parent":0,"menu_order":0,"comment_status":"closed","ping_status":"closed","template":"","meta":{"_monsterinsights_skip_tracking":false,"_monsterinsights_sitenote_active":false,"_monsterinsights_sitenote_note":"","_monsterinsights_sitenote_category":0},"_links":{"self":[{"href":"https:\/\/sensprotect.com\/fr\/wp-json\/wp\/v2\/pages\/7666"}],"collection":[{"href":"https:\/\/sensprotect.com\/fr\/wp-json\/wp\/v2\/pages"}],"about":[{"href":"https:\/\/sensprotect.com\/fr\/wp-json\/wp\/v2\/types\/page"}],"author":[{"embeddable":true,"href":"https:\/\/sensprotect.com\/fr\/wp-json\/wp\/v2\/users\/1"}],"replies":[{"embeddable":true,"href":"https:\/\/sensprotect.com\/fr\/wp-json\/wp\/v2\/comments?post=7666"}],"version-history":[{"count":13,"href":"https:\/\/sensprotect.com\/fr\/wp-json\/wp\/v2\/pages\/7666\/revisions"}],"predecessor-version":[{"id":7957,"href":"https:\/\/sensprotect.com\/fr\/wp-json\/wp\/v2\/pages\/7666\/revisions\/7957"}],"wp:attachment":[{"href":"https:\/\/sensprotect.com\/fr\/wp-json\/wp\/v2\/media?parent=7666"}],"curies":[{"name":"wp","href":"https:\/\/api.w.org\/{rel}","templated":true}]}}